{"id":94,"date":"2020-10-29T11:34:07","date_gmt":"2020-10-29T10:34:07","guid":{"rendered":"https:\/\/crocjeux.com\/?post_type=product&#038;p=94"},"modified":"2025-04-09T13:10:12","modified_gmt":"2025-04-09T12:10:12","slug":"azul","status":"publish","type":"product","link":"https:\/\/crocjeux.com\/index.php\/produit\/azul\/","title":{"rendered":"Azul"},"content":{"rendered":"<section id=\"tab-description\" class=\"page-product-box r-tabs-panel r-tabs-state-active\">\n<div class=\"rte\">\n<h2>Azul, un jeu au doux parfum ib\u00e9rique<\/h2>\n<p>Dans Azul, vous incarnez un artisan au 16\u00e8me si\u00e8cle charg\u00e9 de d\u00e9corer le Palais Royal de Evora, demeure somptueuse du Roi du Portugal. Pour cela, vous devrez faire parler votre fibre artiste et vos talents d&rsquo;artisan afin de constituer la plus belle des mosa\u00efques. La t\u00e2che s&rsquo;annonce d\u00e9licate et la concurrence sera rude. D&rsquo;autres concurrents sont dans la course et ont bien d&rsquo;intention de vous emp\u00eacher de remplir votre mission. Seule la plus belle fresque ornera les murs du palais. Devenez l&rsquo;artisan le plus prestigieux de la royaut\u00e9 !<\/p>\n<h2>Azul, un jeu de mosa\u00efques tr\u00e8s color\u00e9es<\/h2>\n<p>Chaque joueur dispose d&rsquo;un plateau avec un motif \u00e0 compl\u00e9ter. 7 disques sont plac\u00e9s au centre de la table, compos\u00e9s de 4 mosa\u00efques de diff\u00e9rentes couleurs. Les joueurs devront compl\u00e9ter leur fresque avec les morceaux de fa\u00efence pr\u00e9sents sur les disques. Lorsqu&rsquo;un joueur s\u00e9lectionne un disque, il doit prendre toutes les mosa\u00efques de la couleur de son choix. Les autres couleurs sont dispos\u00e9s au centre de la table. Les mosa\u00efques choisies par le joueur sont plac\u00e9es dans une zone de pr\u00e9paration. Cette derni\u00e8re est constitu\u00e9e de lignes que les joueurs devront compl\u00e9ter au pr\u00e9alable avant de pouvoir placer les bouts de fa\u00efence dans le motif de la fresque.<\/p>\n<p>Une partie se d\u00e9roule en plusieurs manches. Chaque manche prend fin quand toutes les mosa\u00efques ont \u00e9t\u00e9 jou\u00e9es. C&rsquo;est \u00e0 ce moment que le bilan de la manche est fait et que les joueurs compl\u00e8tent leur motif.<\/p>\n<h2>Azul, un jeu strat\u00e9gique<\/h2>\n<p>Les joueurs marquent des points en fonction de la mani\u00e8re dont ils compl\u00e8tent le motif. Ainsi, si durant la partie, un joueur parvient \u00e0 \u00e9laborer des colonnes ou des lignes de tuiles, il d\u00e9cuplera ses points. De m\u00eame, il pourra \u00e9galement perdre des points dans certains cas. Par exemple, s&rsquo;il ne parvient pas \u00e0 placer toutes les mosa\u00efques d&rsquo;une m\u00eame couleur sur une ligne sa la zone de pr\u00e9paration, il perdra autant de points que de fa\u00efences non plac\u00e9es.<\/p>\n<div>\n<p>La partie se termine d\u00e8s qu&rsquo;un participant compl\u00e8te enti\u00e8rement une ligne de son motif. \u00c0 la fin de la partie, les joueurs pourront percevoir des bonus s&rsquo;ils ont constitu\u00e9 dans leur mosa\u00efque, une ligne, un colonne ou si une couleur est compl\u00e8te.<\/p>\n<p>Vous l&rsquo;aurez compris, Azul s&rsquo;av\u00e8re \u00eatre un jeu tr\u00e8s strat\u00e9gique o\u00f9 les joueurs cherchent \u00e0 placer leurs tuiles de fa\u00e7on \u00e0 scorer le plus possible. Ils pourront \u00e9galement chercher \u00e0 bloquer ou freiner les autres artisans dans l&rsquo;\u00e9laboration de leur fresque.<\/p>\n<\/div>\n<\/div>\n<\/section>\n","protected":false},"excerpt":{"rendered":"<p>Prenez votre truelle et faites ressortir vos talents d&rsquo;artisan. Constituez la plus belle mosa\u00efque pour embellir les murs du Palais Royal de Evora !<\/p>\n","protected":false},"featured_media":95,"comment_status":"open","ping_status":"closed","template":"","meta":{"colormag_page_container_layout":"default_layout","colormag_page_sidebar_layout":"default_layout"},"product_brand":[],"product_cat":[18,37],"product_tag":[],"class_list":{"0":"post-94","1":"product","2":"type-product","3":"status-publish","4":"has-post-thumbnail","6":"product_cat-jeux-de-strategie","7":"product_cat-ne-ratez-pas","9":"first","10":"instock","11":"taxable","12":"shipping-taxable","13":"purchasable","14":"product-type-simple"},"yoast_head":"<!-- This site is optimized with the Yoast SEO plugin v27.4 - https:\/\/yoast.com\/product\/yoast-seo-wordpress\/ -->\n<title>Azul - Croc Jeux<\/title>\n<meta name=\"robots\" content=\"index, follow, max-snippet:-1, max-image-preview:large, max-video-preview:-1\" \/>\n<link rel=\"canonical\" href=\"https:\/\/crocjeux.com\/index.php\/produit\/azul\/\" \/>\n<meta property=\"og:locale\" content=\"fr_FR\" \/>\n<meta property=\"og:type\" content=\"article\" \/>\n<meta property=\"og:title\" content=\"Azul - Croc Jeux\" \/>\n<meta property=\"og:description\" content=\"Prenez votre truelle et faites ressortir vos talents d&#039;artisan. Constituez la plus belle mosa\u00efque pour embellir les murs du Palais Royal de Evora !\" \/>\n<meta property=\"og:url\" content=\"https:\/\/crocjeux.com\/index.php\/produit\/azul\/\" \/>\n<meta property=\"og:site_name\" content=\"Croc Jeux\" \/>\n<meta property=\"article:modified_time\" content=\"2025-04-09T12:10:12+00:00\" \/>\n<meta property=\"og:image\" content=\"https:\/\/crocjeux.com\/wp-content\/uploads\/2020\/10\/azul.png\" \/>\n\t<meta property=\"og:image:width\" content=\"527\" \/>\n\t<meta property=\"og:image:height\" content=\"640\" \/>\n\t<meta property=\"og:image:type\" content=\"image\/png\" \/>\n<meta name=\"twitter:card\" content=\"summary_large_image\" \/>\n<meta name=\"twitter:label1\" content=\"Dur\u00e9e de lecture estim\u00e9e\" \/>\n\t<meta name=\"twitter:data1\" content=\"2 minutes\" \/>\n<script type=\"application\/ld+json\" class=\"yoast-schema-graph\">{\"@context\":\"https:\\\/\\\/schema.org\",\"@graph\":[{\"@type\":\"WebPage\",\"@id\":\"https:\\\/\\\/crocjeux.com\\\/index.php\\\/produit\\\/azul\\\/\",\"url\":\"https:\\\/\\\/crocjeux.com\\\/index.php\\\/produit\\\/azul\\\/\",\"name\":\"Azul - Croc Jeux\",\"isPartOf\":{\"@id\":\"https:\\\/\\\/crocjeux.com\\\/#website\"},\"primaryImageOfPage\":{\"@id\":\"https:\\\/\\\/crocjeux.com\\\/index.php\\\/produit\\\/azul\\\/#primaryimage\"},\"image\":{\"@id\":\"https:\\\/\\\/crocjeux.com\\\/index.php\\\/produit\\\/azul\\\/#primaryimage\"},\"thumbnailUrl\":\"https:\\\/\\\/crocjeux.com\\\/wp-content\\\/uploads\\\/2020\\\/10\\\/azul.png\",\"datePublished\":\"2020-10-29T10:34:07+00:00\",\"dateModified\":\"2025-04-09T12:10:12+00:00\",\"breadcrumb\":{\"@id\":\"https:\\\/\\\/crocjeux.com\\\/index.php\\\/produit\\\/azul\\\/#breadcrumb\"},\"inLanguage\":\"fr-FR\",\"potentialAction\":[{\"@type\":\"ReadAction\",\"target\":[\"https:\\\/\\\/crocjeux.com\\\/index.php\\\/produit\\\/azul\\\/\"]}]},{\"@type\":\"ImageObject\",\"inLanguage\":\"fr-FR\",\"@id\":\"https:\\\/\\\/crocjeux.com\\\/index.php\\\/produit\\\/azul\\\/#primaryimage\",\"url\":\"https:\\\/\\\/crocjeux.com\\\/wp-content\\\/uploads\\\/2020\\\/10\\\/azul.png\",\"contentUrl\":\"https:\\\/\\\/crocjeux.com\\\/wp-content\\\/uploads\\\/2020\\\/10\\\/azul.png\",\"width\":527,\"height\":640},{\"@type\":\"BreadcrumbList\",\"@id\":\"https:\\\/\\\/crocjeux.com\\\/index.php\\\/produit\\\/azul\\\/#breadcrumb\",\"itemListElement\":[{\"@type\":\"ListItem\",\"position\":1,\"name\":\"Accueil\",\"item\":\"https:\\\/\\\/crocjeux.com\\\/\"},{\"@type\":\"ListItem\",\"position\":2,\"name\":\"Boutique\",\"item\":\"https:\\\/\\\/crocjeux.com\\\/\"},{\"@type\":\"ListItem\",\"position\":3,\"name\":\"Azul\"}]},{\"@type\":\"WebSite\",\"@id\":\"https:\\\/\\\/crocjeux.com\\\/#website\",\"url\":\"https:\\\/\\\/crocjeux.com\\\/\",\"name\":\"Croc Jeux\",\"description\":\"Bienvenue chez Croc Jeux!\",\"publisher\":{\"@id\":\"https:\\\/\\\/crocjeux.com\\\/#organization\"},\"potentialAction\":[{\"@type\":\"SearchAction\",\"target\":{\"@type\":\"EntryPoint\",\"urlTemplate\":\"https:\\\/\\\/crocjeux.com\\\/?s={search_term_string}\"},\"query-input\":{\"@type\":\"PropertyValueSpecification\",\"valueRequired\":true,\"valueName\":\"search_term_string\"}}],\"inLanguage\":\"fr-FR\"},{\"@type\":\"Organization\",\"@id\":\"https:\\\/\\\/crocjeux.com\\\/#organization\",\"name\":\"Croc Jeux\",\"url\":\"https:\\\/\\\/crocjeux.com\\\/\",\"logo\":{\"@type\":\"ImageObject\",\"inLanguage\":\"fr-FR\",\"@id\":\"https:\\\/\\\/crocjeux.com\\\/#\\\/schema\\\/logo\\\/image\\\/\",\"url\":\"https:\\\/\\\/crocjeux.com\\\/wp-content\\\/uploads\\\/2022\\\/01\\\/cropped-logo-croc-etape-1-e1644574034239.jpg\",\"contentUrl\":\"https:\\\/\\\/crocjeux.com\\\/wp-content\\\/uploads\\\/2022\\\/01\\\/cropped-logo-croc-etape-1-e1644574034239.jpg\",\"width\":1224,\"height\":314,\"caption\":\"Croc Jeux\"},\"image\":{\"@id\":\"https:\\\/\\\/crocjeux.com\\\/#\\\/schema\\\/logo\\\/image\\\/\"}}]}<\/script>\n<!-- \/ Yoast SEO plugin. -->","yoast_head_json":{"title":"Azul - Croc Jeux","robots":{"index":"index","follow":"follow","max-snippet":"max-snippet:-1","max-image-preview":"max-image-preview:large","max-video-preview":"max-video-preview:-1"},"canonical":"https:\/\/crocjeux.com\/index.php\/produit\/azul\/","og_locale":"fr_FR","og_type":"article","og_title":"Azul - Croc Jeux","og_description":"Prenez votre truelle et faites ressortir vos talents d'artisan. Constituez la plus belle mosa\u00efque pour embellir les murs du Palais Royal de Evora !","og_url":"https:\/\/crocjeux.com\/index.php\/produit\/azul\/","og_site_name":"Croc Jeux","article_modified_time":"2025-04-09T12:10:12+00:00","og_image":[{"width":527,"height":640,"url":"https:\/\/crocjeux.com\/wp-content\/uploads\/2020\/10\/azul.png","type":"image\/png"}],"twitter_card":"summary_large_image","twitter_misc":{"Dur\u00e9e de lecture estim\u00e9e":"2 minutes"},"schema":{"@context":"https:\/\/schema.org","@graph":[{"@type":"WebPage","@id":"https:\/\/crocjeux.com\/index.php\/produit\/azul\/","url":"https:\/\/crocjeux.com\/index.php\/produit\/azul\/","name":"Azul - Croc Jeux","isPartOf":{"@id":"https:\/\/crocjeux.com\/#website"},"primaryImageOfPage":{"@id":"https:\/\/crocjeux.com\/index.php\/produit\/azul\/#primaryimage"},"image":{"@id":"https:\/\/crocjeux.com\/index.php\/produit\/azul\/#primaryimage"},"thumbnailUrl":"https:\/\/crocjeux.com\/wp-content\/uploads\/2020\/10\/azul.png","datePublished":"2020-10-29T10:34:07+00:00","dateModified":"2025-04-09T12:10:12+00:00","breadcrumb":{"@id":"https:\/\/crocjeux.com\/index.php\/produit\/azul\/#breadcrumb"},"inLanguage":"fr-FR","potentialAction":[{"@type":"ReadAction","target":["https:\/\/crocjeux.com\/index.php\/produit\/azul\/"]}]},{"@type":"ImageObject","inLanguage":"fr-FR","@id":"https:\/\/crocjeux.com\/index.php\/produit\/azul\/#primaryimage","url":"https:\/\/crocjeux.com\/wp-content\/uploads\/2020\/10\/azul.png","contentUrl":"https:\/\/crocjeux.com\/wp-content\/uploads\/2020\/10\/azul.png","width":527,"height":640},{"@type":"BreadcrumbList","@id":"https:\/\/crocjeux.com\/index.php\/produit\/azul\/#breadcrumb","itemListElement":[{"@type":"ListItem","position":1,"name":"Accueil","item":"https:\/\/crocjeux.com\/"},{"@type":"ListItem","position":2,"name":"Boutique","item":"https:\/\/crocjeux.com\/"},{"@type":"ListItem","position":3,"name":"Azul"}]},{"@type":"WebSite","@id":"https:\/\/crocjeux.com\/#website","url":"https:\/\/crocjeux.com\/","name":"Croc Jeux","description":"Bienvenue chez Croc Jeux!","publisher":{"@id":"https:\/\/crocjeux.com\/#organization"},"potentialAction":[{"@type":"SearchAction","target":{"@type":"EntryPoint","urlTemplate":"https:\/\/crocjeux.com\/?s={search_term_string}"},"query-input":{"@type":"PropertyValueSpecification","valueRequired":true,"valueName":"search_term_string"}}],"inLanguage":"fr-FR"},{"@type":"Organization","@id":"https:\/\/crocjeux.com\/#organization","name":"Croc Jeux","url":"https:\/\/crocjeux.com\/","logo":{"@type":"ImageObject","inLanguage":"fr-FR","@id":"https:\/\/crocjeux.com\/#\/schema\/logo\/image\/","url":"https:\/\/crocjeux.com\/wp-content\/uploads\/2022\/01\/cropped-logo-croc-etape-1-e1644574034239.jpg","contentUrl":"https:\/\/crocjeux.com\/wp-content\/uploads\/2022\/01\/cropped-logo-croc-etape-1-e1644574034239.jpg","width":1224,"height":314,"caption":"Croc Jeux"},"image":{"@id":"https:\/\/crocjeux.com\/#\/schema\/logo\/image\/"}}]}},"_links":{"self":[{"href":"https:\/\/crocjeux.com\/index.php\/wp-json\/wp\/v2\/product\/94","targetHints":{"allow":["GET"]}}],"collection":[{"href":"https:\/\/crocjeux.com\/index.php\/wp-json\/wp\/v2\/product"}],"about":[{"href":"https:\/\/crocjeux.com\/index.php\/wp-json\/wp\/v2\/types\/product"}],"replies":[{"embeddable":true,"href":"https:\/\/crocjeux.com\/index.php\/wp-json\/wp\/v2\/comments?post=94"}],"wp:featuredmedia":[{"embeddable":true,"href":"https:\/\/crocjeux.com\/index.php\/wp-json\/wp\/v2\/media\/95"}],"wp:attachment":[{"href":"https:\/\/crocjeux.com\/index.php\/wp-json\/wp\/v2\/media?parent=94"}],"wp:term":[{"taxonomy":"product_brand","embeddable":true,"href":"https:\/\/crocjeux.com\/index.php\/wp-json\/wp\/v2\/product_brand?post=94"},{"taxonomy":"product_cat","embeddable":true,"href":"https:\/\/crocjeux.com\/index.php\/wp-json\/wp\/v2\/product_cat?post=94"},{"taxonomy":"product_tag","embeddable":true,"href":"https:\/\/crocjeux.com\/index.php\/wp-json\/wp\/v2\/product_tag?post=94"}],"curies":[{"name":"wp","href":"https:\/\/api.w.org\/{rel}","templated":true}]}}