{"id":964,"date":"2020-11-19T14:21:56","date_gmt":"2020-11-19T13:21:56","guid":{"rendered":"https:\/\/crocjeux.com\/?post_type=product&#038;p=964"},"modified":"2021-04-16T13:17:41","modified_gmt":"2021-04-16T12:17:41","slug":"adventures-in-austerion-les-tunnels-du-royaume","status":"publish","type":"product","link":"https:\/\/crocjeux.com\/index.php\/produit\/adventures-in-austerion-les-tunnels-du-royaume\/","title":{"rendered":"Adventures in Austerion &#8211; Les Tunnels du Royaume"},"content":{"rendered":"<section id=\"tab-description\" class=\"page-product-box r-tabs-panel r-tabs-state-active\">\n<div class=\"rte\">\n<h2>Adventures in Austerion, un jeu de r\u00f4le d&rsquo;aventure m\u00ealant Jeu de R\u00f4le et m\u00e9caniques de jeu de plateau<\/h2>\n<p>Adventures in Austerion est un jeu de r\u00f4le m\u00e9di\u00e9val fantastique centr\u00e9 sur l&rsquo;exploration de territoires hostiles au c\u0153ur du continent d\u2019Austerion. Il est con\u00e7u pour jouer des parties d&rsquo;une, deux ou trois heures. Il s&rsquo;appuie pour cela sur des r\u00e8gles classiques de jeu de r\u00f4le, auxquelles ont \u00e9t\u00e9 ajout\u00e9es des m\u00e9caniques de jeu de plateau (tuiles, cartes \u00e0 piocher, pions \u00e0 empiler&#8230;).<\/p>\n<p>Cette approche rend Adventures in Austerion RPG accessible aux n\u00e9ophytes en leur proposant un style de jeu fun et d\u00e9complex\u00e9. Des r\u00e8gles optionnelles offrent des possibilit\u00e9s de jeux suppl\u00e9mentaires aux r\u00f4listes avertis, qui retrouveront aussi l\u2019ambiance du dungeon-crawling \u00e0 l\u2019ancienne.<\/p>\n<\/div>\n<\/section>\n","protected":false},"excerpt":{"rendered":"<p>Adventures in Austerion, un jeu de r\u00f4le d&rsquo;aventure m\u00ealant Jeu de R\u00f4le et m\u00e9caniques de jeu de plateau Adventures in<\/p>\n","protected":false},"featured_media":967,"comment_status":"open","ping_status":"closed","template":"","meta":{"colormag_page_container_layout":"default_layout","colormag_page_sidebar_layout":"default_layout"},"product_brand":[],"product_cat":[30,35,34,44,29],"product_tag":[],"class_list":{"0":"post-964","1":"product","2":"type-product","3":"status-publish","4":"has-post-thumbnail","6":"product_cat-jeux-collaboratifs","7":"product_cat-jeux-jdr","8":"product_cat-jeux-figurines","9":"product_cat-jeux-solo","10":"product_cat-jeux-2-joueurs","12":"first","13":"instock","14":"taxable","15":"shipping-taxable","16":"purchasable","17":"product-type-simple"},"yoast_head":"<!-- This site is optimized with the Yoast SEO plugin v27.3 - https:\/\/yoast.com\/product\/yoast-seo-wordpress\/ -->\n<title>Adventures in Austerion - Les Tunnels du Royaume - Croc Jeux<\/title>\n<meta name=\"robots\" content=\"index, follow, max-snippet:-1, max-image-preview:large, max-video-preview:-1\" \/>\n<link rel=\"canonical\" href=\"https:\/\/crocjeux.com\/index.php\/produit\/adventures-in-austerion-les-tunnels-du-royaume\/\" \/>\n<meta property=\"og:locale\" content=\"fr_FR\" \/>\n<meta property=\"og:type\" content=\"article\" \/>\n<meta property=\"og:title\" content=\"Adventures in Austerion - Les Tunnels du Royaume - Croc Jeux\" \/>\n<meta property=\"og:description\" content=\"Adventures in Austerion, un jeu de r\u00f4le d&rsquo;aventure m\u00ealant Jeu de R\u00f4le et m\u00e9caniques de jeu de plateau Adventures in\" \/>\n<meta property=\"og:url\" content=\"https:\/\/crocjeux.com\/index.php\/produit\/adventures-in-austerion-les-tunnels-du-royaume\/\" \/>\n<meta property=\"og:site_name\" content=\"Croc Jeux\" \/>\n<meta property=\"article:modified_time\" content=\"2021-04-16T12:17:41+00:00\" \/>\n<meta property=\"og:image\" content=\"https:\/\/crocjeux.com\/wp-content\/uploads\/2020\/11\/Adventures-in-austerion.jpg\" \/>\n\t<meta property=\"og:image:width\" content=\"1000\" \/>\n\t<meta property=\"og:image:height\" content=\"1000\" \/>\n\t<meta property=\"og:image:type\" content=\"image\/jpeg\" \/>\n<meta name=\"twitter:card\" content=\"summary_large_image\" \/>\n<meta name=\"twitter:label1\" content=\"Dur\u00e9e de lecture estim\u00e9e\" \/>\n\t<meta name=\"twitter:data1\" content=\"1 minute\" \/>\n<script type=\"application\/ld+json\" class=\"yoast-schema-graph\">{\"@context\":\"https:\\\/\\\/schema.org\",\"@graph\":[{\"@type\":\"WebPage\",\"@id\":\"https:\\\/\\\/crocjeux.com\\\/index.php\\\/produit\\\/adventures-in-austerion-les-tunnels-du-royaume\\\/\",\"url\":\"https:\\\/\\\/crocjeux.com\\\/index.php\\\/produit\\\/adventures-in-austerion-les-tunnels-du-royaume\\\/\",\"name\":\"Adventures in Austerion - Les Tunnels du Royaume - Croc Jeux\",\"isPartOf\":{\"@id\":\"https:\\\/\\\/crocjeux.com\\\/#website\"},\"primaryImageOfPage\":{\"@id\":\"https:\\\/\\\/crocjeux.com\\\/index.php\\\/produit\\\/adventures-in-austerion-les-tunnels-du-royaume\\\/#primaryimage\"},\"image\":{\"@id\":\"https:\\\/\\\/crocjeux.com\\\/index.php\\\/produit\\\/adventures-in-austerion-les-tunnels-du-royaume\\\/#primaryimage\"},\"thumbnailUrl\":\"https:\\\/\\\/crocjeux.com\\\/wp-content\\\/uploads\\\/2020\\\/11\\\/Adventures-in-austerion.jpg\",\"datePublished\":\"2020-11-19T13:21:56+00:00\",\"dateModified\":\"2021-04-16T12:17:41+00:00\",\"breadcrumb\":{\"@id\":\"https:\\\/\\\/crocjeux.com\\\/index.php\\\/produit\\\/adventures-in-austerion-les-tunnels-du-royaume\\\/#breadcrumb\"},\"inLanguage\":\"fr-FR\",\"potentialAction\":[{\"@type\":\"ReadAction\",\"target\":[\"https:\\\/\\\/crocjeux.com\\\/index.php\\\/produit\\\/adventures-in-austerion-les-tunnels-du-royaume\\\/\"]}]},{\"@type\":\"ImageObject\",\"inLanguage\":\"fr-FR\",\"@id\":\"https:\\\/\\\/crocjeux.com\\\/index.php\\\/produit\\\/adventures-in-austerion-les-tunnels-du-royaume\\\/#primaryimage\",\"url\":\"https:\\\/\\\/crocjeux.com\\\/wp-content\\\/uploads\\\/2020\\\/11\\\/Adventures-in-austerion.jpg\",\"contentUrl\":\"https:\\\/\\\/crocjeux.com\\\/wp-content\\\/uploads\\\/2020\\\/11\\\/Adventures-in-austerion.jpg\",\"width\":1000,\"height\":1000},{\"@type\":\"BreadcrumbList\",\"@id\":\"https:\\\/\\\/crocjeux.com\\\/index.php\\\/produit\\\/adventures-in-austerion-les-tunnels-du-royaume\\\/#breadcrumb\",\"itemListElement\":[{\"@type\":\"ListItem\",\"position\":1,\"name\":\"Accueil\",\"item\":\"https:\\\/\\\/crocjeux.com\\\/\"},{\"@type\":\"ListItem\",\"position\":2,\"name\":\"Boutique\",\"item\":\"https:\\\/\\\/crocjeux.com\\\/\"},{\"@type\":\"ListItem\",\"position\":3,\"name\":\"Adventures in Austerion &#8211; Les Tunnels du Royaume\"}]},{\"@type\":\"WebSite\",\"@id\":\"https:\\\/\\\/crocjeux.com\\\/#website\",\"url\":\"https:\\\/\\\/crocjeux.com\\\/\",\"name\":\"Croc Jeux\",\"description\":\"Bienvenue chez Croc Jeux!\",\"publisher\":{\"@id\":\"https:\\\/\\\/crocjeux.com\\\/#organization\"},\"potentialAction\":[{\"@type\":\"SearchAction\",\"target\":{\"@type\":\"EntryPoint\",\"urlTemplate\":\"https:\\\/\\\/crocjeux.com\\\/?s={search_term_string}\"},\"query-input\":{\"@type\":\"PropertyValueSpecification\",\"valueRequired\":true,\"valueName\":\"search_term_string\"}}],\"inLanguage\":\"fr-FR\"},{\"@type\":\"Organization\",\"@id\":\"https:\\\/\\\/crocjeux.com\\\/#organization\",\"name\":\"Croc Jeux\",\"url\":\"https:\\\/\\\/crocjeux.com\\\/\",\"logo\":{\"@type\":\"ImageObject\",\"inLanguage\":\"fr-FR\",\"@id\":\"https:\\\/\\\/crocjeux.com\\\/#\\\/schema\\\/logo\\\/image\\\/\",\"url\":\"https:\\\/\\\/crocjeux.com\\\/wp-content\\\/uploads\\\/2022\\\/01\\\/cropped-logo-croc-etape-1-e1644574034239.jpg\",\"contentUrl\":\"https:\\\/\\\/crocjeux.com\\\/wp-content\\\/uploads\\\/2022\\\/01\\\/cropped-logo-croc-etape-1-e1644574034239.jpg\",\"width\":1224,\"height\":314,\"caption\":\"Croc Jeux\"},\"image\":{\"@id\":\"https:\\\/\\\/crocjeux.com\\\/#\\\/schema\\\/logo\\\/image\\\/\"}}]}<\/script>\n<!-- \/ Yoast SEO plugin. -->","yoast_head_json":{"title":"Adventures in Austerion - Les Tunnels du Royaume - Croc Jeux","robots":{"index":"index","follow":"follow","max-snippet":"max-snippet:-1","max-image-preview":"max-image-preview:large","max-video-preview":"max-video-preview:-1"},"canonical":"https:\/\/crocjeux.com\/index.php\/produit\/adventures-in-austerion-les-tunnels-du-royaume\/","og_locale":"fr_FR","og_type":"article","og_title":"Adventures in Austerion - Les Tunnels du Royaume - Croc Jeux","og_description":"Adventures in Austerion, un jeu de r\u00f4le d&rsquo;aventure m\u00ealant Jeu de R\u00f4le et m\u00e9caniques de jeu de plateau Adventures in","og_url":"https:\/\/crocjeux.com\/index.php\/produit\/adventures-in-austerion-les-tunnels-du-royaume\/","og_site_name":"Croc Jeux","article_modified_time":"2021-04-16T12:17:41+00:00","og_image":[{"width":1000,"height":1000,"url":"https:\/\/crocjeux.com\/wp-content\/uploads\/2020\/11\/Adventures-in-austerion.jpg","type":"image\/jpeg"}],"twitter_card":"summary_large_image","twitter_misc":{"Dur\u00e9e de lecture estim\u00e9e":"1 minute"},"schema":{"@context":"https:\/\/schema.org","@graph":[{"@type":"WebPage","@id":"https:\/\/crocjeux.com\/index.php\/produit\/adventures-in-austerion-les-tunnels-du-royaume\/","url":"https:\/\/crocjeux.com\/index.php\/produit\/adventures-in-austerion-les-tunnels-du-royaume\/","name":"Adventures in Austerion - Les Tunnels du Royaume - Croc Jeux","isPartOf":{"@id":"https:\/\/crocjeux.com\/#website"},"primaryImageOfPage":{"@id":"https:\/\/crocjeux.com\/index.php\/produit\/adventures-in-austerion-les-tunnels-du-royaume\/#primaryimage"},"image":{"@id":"https:\/\/crocjeux.com\/index.php\/produit\/adventures-in-austerion-les-tunnels-du-royaume\/#primaryimage"},"thumbnailUrl":"https:\/\/crocjeux.com\/wp-content\/uploads\/2020\/11\/Adventures-in-austerion.jpg","datePublished":"2020-11-19T13:21:56+00:00","dateModified":"2021-04-16T12:17:41+00:00","breadcrumb":{"@id":"https:\/\/crocjeux.com\/index.php\/produit\/adventures-in-austerion-les-tunnels-du-royaume\/#breadcrumb"},"inLanguage":"fr-FR","potentialAction":[{"@type":"ReadAction","target":["https:\/\/crocjeux.com\/index.php\/produit\/adventures-in-austerion-les-tunnels-du-royaume\/"]}]},{"@type":"ImageObject","inLanguage":"fr-FR","@id":"https:\/\/crocjeux.com\/index.php\/produit\/adventures-in-austerion-les-tunnels-du-royaume\/#primaryimage","url":"https:\/\/crocjeux.com\/wp-content\/uploads\/2020\/11\/Adventures-in-austerion.jpg","contentUrl":"https:\/\/crocjeux.com\/wp-content\/uploads\/2020\/11\/Adventures-in-austerion.jpg","width":1000,"height":1000},{"@type":"BreadcrumbList","@id":"https:\/\/crocjeux.com\/index.php\/produit\/adventures-in-austerion-les-tunnels-du-royaume\/#breadcrumb","itemListElement":[{"@type":"ListItem","position":1,"name":"Accueil","item":"https:\/\/crocjeux.com\/"},{"@type":"ListItem","position":2,"name":"Boutique","item":"https:\/\/crocjeux.com\/"},{"@type":"ListItem","position":3,"name":"Adventures in Austerion &#8211; Les Tunnels du Royaume"}]},{"@type":"WebSite","@id":"https:\/\/crocjeux.com\/#website","url":"https:\/\/crocjeux.com\/","name":"Croc Jeux","description":"Bienvenue chez Croc Jeux!","publisher":{"@id":"https:\/\/crocjeux.com\/#organization"},"potentialAction":[{"@type":"SearchAction","target":{"@type":"EntryPoint","urlTemplate":"https:\/\/crocjeux.com\/?s={search_term_string}"},"query-input":{"@type":"PropertyValueSpecification","valueRequired":true,"valueName":"search_term_string"}}],"inLanguage":"fr-FR"},{"@type":"Organization","@id":"https:\/\/crocjeux.com\/#organization","name":"Croc Jeux","url":"https:\/\/crocjeux.com\/","logo":{"@type":"ImageObject","inLanguage":"fr-FR","@id":"https:\/\/crocjeux.com\/#\/schema\/logo\/image\/","url":"https:\/\/crocjeux.com\/wp-content\/uploads\/2022\/01\/cropped-logo-croc-etape-1-e1644574034239.jpg","contentUrl":"https:\/\/crocjeux.com\/wp-content\/uploads\/2022\/01\/cropped-logo-croc-etape-1-e1644574034239.jpg","width":1224,"height":314,"caption":"Croc Jeux"},"image":{"@id":"https:\/\/crocjeux.com\/#\/schema\/logo\/image\/"}}]}},"_links":{"self":[{"href":"https:\/\/crocjeux.com\/index.php\/wp-json\/wp\/v2\/product\/964","targetHints":{"allow":["GET"]}}],"collection":[{"href":"https:\/\/crocjeux.com\/index.php\/wp-json\/wp\/v2\/product"}],"about":[{"href":"https:\/\/crocjeux.com\/index.php\/wp-json\/wp\/v2\/types\/product"}],"replies":[{"embeddable":true,"href":"https:\/\/crocjeux.com\/index.php\/wp-json\/wp\/v2\/comments?post=964"}],"wp:featuredmedia":[{"embeddable":true,"href":"https:\/\/crocjeux.com\/index.php\/wp-json\/wp\/v2\/media\/967"}],"wp:attachment":[{"href":"https:\/\/crocjeux.com\/index.php\/wp-json\/wp\/v2\/media?parent=964"}],"wp:term":[{"taxonomy":"product_brand","embeddable":true,"href":"https:\/\/crocjeux.com\/index.php\/wp-json\/wp\/v2\/product_brand?post=964"},{"taxonomy":"product_cat","embeddable":true,"href":"https:\/\/crocjeux.com\/index.php\/wp-json\/wp\/v2\/product_cat?post=964"},{"taxonomy":"product_tag","embeddable":true,"href":"https:\/\/crocjeux.com\/index.php\/wp-json\/wp\/v2\/product_tag?post=964"}],"curies":[{"name":"wp","href":"https:\/\/api.w.org\/{rel}","templated":true}]}}