{"id":982,"date":"2020-11-19T14:41:52","date_gmt":"2020-11-19T13:41:52","guid":{"rendered":"https:\/\/crocjeux.com\/?post_type=product&#038;p=982"},"modified":"2026-02-20T11:07:02","modified_gmt":"2026-02-20T10:07:02","slug":"clank-la-malediction-de-la-momie","status":"publish","type":"product","link":"https:\/\/crocjeux.com\/index.php\/produit\/clank-la-malediction-de-la-momie\/","title":{"rendered":"Clank! &#8211; La Mal\u00e9diction de la Momie"},"content":{"rendered":"<section id=\"tab-description\" class=\"page-product-box r-tabs-panel r-tabs-state-active\">\n<div class=\"rte\">\n<section id=\"tab-description\" class=\"page-product-box r-tabs-panel r-tabs-state-active\">\n<div class=\"rte\">\n<p>D&rsquo;innombrables richesses vous attendent \u00e0 l&rsquo;int\u00e9rieur des pyramides des Anciens &#8211; mais elles sont bien prot\u00e9g\u00e9es. La momie, gardien \u00e9ternel va maudira quiconque voudrait piller sa tombe?\u00a0 Et, in\u00e9vitablement, le tr\u00e9sor a en plus attir\u00e9 un dragon. Pouvez-vous \u00e9chapper au redoutable Croxobek ?<\/p>\n<p>Cette deuxi\u00e8me extension Clank! La Mal\u00e9diction de la Momie ajoute 41 nouvelles cartes \u00e0 int\u00e9grer au jeu de base, ainsi qu\u2019un nouveau plateau double face, des jetons Mal\u00e9diction et un d\u00e9 pyramidale, pour une toute nouvelle exp\u00e9rience de jeu.<\/p>\n<p>Des cartes invitent \u00e0 jeter le d\u00e9, ce qui d\u00e9place la Momie sur le plateau et inflige des Mal\u00e9dictions comme malus sur le score final. Attaquez la Momie \u00e0 bon escient et faites perdre des points de victoire \u00e0 vos adversaires.<\/p>\n<p>N\u00e9cessite Clank ! le jeu de base pour \u00eatre utilis\u00e9.<\/p>\n<\/div>\n<\/section>\n<\/div>\n<\/section>\n","protected":false},"excerpt":{"rendered":"<p>D&rsquo;innombrables richesses vous attendent \u00e0 l&rsquo;int\u00e9rieur des pyramides des Anciens &#8211; mais elles sont bien prot\u00e9g\u00e9es. La momie, gardien \u00e9ternel<\/p>\n","protected":false},"featured_media":985,"comment_status":"open","ping_status":"closed","template":"","meta":{"colormag_page_container_layout":"default_layout","colormag_page_sidebar_layout":"default_layout"},"product_brand":[],"product_cat":[72,116],"product_tag":[],"class_list":{"0":"post-982","1":"product","2":"type-product","3":"status-publish","4":"has-post-thumbnail","6":"product_cat-clank-jeux-a-deux","7":"product_cat-clank-jeux-experts","9":"first","10":"instock","11":"taxable","12":"shipping-taxable","13":"purchasable","14":"product-type-simple"},"yoast_head":"<!-- This site is optimized with the Yoast SEO plugin v27.4 - https:\/\/yoast.com\/product\/yoast-seo-wordpress\/ -->\n<title>Clank! - La Mal\u00e9diction de la Momie - Croc Jeux<\/title>\n<meta name=\"robots\" content=\"index, follow, max-snippet:-1, max-image-preview:large, max-video-preview:-1\" \/>\n<link rel=\"canonical\" href=\"https:\/\/crocjeux.com\/index.php\/produit\/clank-la-malediction-de-la-momie\/\" \/>\n<meta property=\"og:locale\" content=\"fr_FR\" \/>\n<meta property=\"og:type\" content=\"article\" \/>\n<meta property=\"og:title\" content=\"Clank! - La Mal\u00e9diction de la Momie - Croc Jeux\" \/>\n<meta property=\"og:description\" content=\"D&rsquo;innombrables richesses vous attendent \u00e0 l&rsquo;int\u00e9rieur des pyramides des Anciens &#8211; mais elles sont bien prot\u00e9g\u00e9es. La momie, gardien \u00e9ternel\" \/>\n<meta property=\"og:url\" content=\"https:\/\/crocjeux.com\/index.php\/produit\/clank-la-malediction-de-la-momie\/\" \/>\n<meta property=\"og:site_name\" content=\"Croc Jeux\" \/>\n<meta property=\"article:modified_time\" content=\"2026-02-20T10:07:02+00:00\" \/>\n<meta property=\"og:image\" content=\"https:\/\/crocjeux.com\/wp-content\/uploads\/2020\/11\/Clank-La-Malediction-de-la-Momie.jpg\" \/>\n\t<meta property=\"og:image:width\" content=\"663\" \/>\n\t<meta property=\"og:image:height\" content=\"744\" \/>\n\t<meta property=\"og:image:type\" content=\"image\/jpeg\" \/>\n<meta name=\"twitter:card\" content=\"summary_large_image\" \/>\n<meta name=\"twitter:label1\" content=\"Dur\u00e9e de lecture estim\u00e9e\" \/>\n\t<meta name=\"twitter:data1\" content=\"1 minute\" \/>\n<script type=\"application\/ld+json\" class=\"yoast-schema-graph\">{\"@context\":\"https:\\\/\\\/schema.org\",\"@graph\":[{\"@type\":\"WebPage\",\"@id\":\"https:\\\/\\\/crocjeux.com\\\/index.php\\\/produit\\\/clank-la-malediction-de-la-momie\\\/\",\"url\":\"https:\\\/\\\/crocjeux.com\\\/index.php\\\/produit\\\/clank-la-malediction-de-la-momie\\\/\",\"name\":\"Clank! - La Mal\u00e9diction de la Momie - Croc Jeux\",\"isPartOf\":{\"@id\":\"https:\\\/\\\/crocjeux.com\\\/#website\"},\"primaryImageOfPage\":{\"@id\":\"https:\\\/\\\/crocjeux.com\\\/index.php\\\/produit\\\/clank-la-malediction-de-la-momie\\\/#primaryimage\"},\"image\":{\"@id\":\"https:\\\/\\\/crocjeux.com\\\/index.php\\\/produit\\\/clank-la-malediction-de-la-momie\\\/#primaryimage\"},\"thumbnailUrl\":\"https:\\\/\\\/crocjeux.com\\\/wp-content\\\/uploads\\\/2020\\\/11\\\/Clank-La-Malediction-de-la-Momie.jpg\",\"datePublished\":\"2020-11-19T13:41:52+00:00\",\"dateModified\":\"2026-02-20T10:07:02+00:00\",\"breadcrumb\":{\"@id\":\"https:\\\/\\\/crocjeux.com\\\/index.php\\\/produit\\\/clank-la-malediction-de-la-momie\\\/#breadcrumb\"},\"inLanguage\":\"fr-FR\",\"potentialAction\":[{\"@type\":\"ReadAction\",\"target\":[\"https:\\\/\\\/crocjeux.com\\\/index.php\\\/produit\\\/clank-la-malediction-de-la-momie\\\/\"]}]},{\"@type\":\"ImageObject\",\"inLanguage\":\"fr-FR\",\"@id\":\"https:\\\/\\\/crocjeux.com\\\/index.php\\\/produit\\\/clank-la-malediction-de-la-momie\\\/#primaryimage\",\"url\":\"https:\\\/\\\/crocjeux.com\\\/wp-content\\\/uploads\\\/2020\\\/11\\\/Clank-La-Malediction-de-la-Momie.jpg\",\"contentUrl\":\"https:\\\/\\\/crocjeux.com\\\/wp-content\\\/uploads\\\/2020\\\/11\\\/Clank-La-Malediction-de-la-Momie.jpg\",\"width\":663,\"height\":744},{\"@type\":\"BreadcrumbList\",\"@id\":\"https:\\\/\\\/crocjeux.com\\\/index.php\\\/produit\\\/clank-la-malediction-de-la-momie\\\/#breadcrumb\",\"itemListElement\":[{\"@type\":\"ListItem\",\"position\":1,\"name\":\"Accueil\",\"item\":\"https:\\\/\\\/crocjeux.com\\\/\"},{\"@type\":\"ListItem\",\"position\":2,\"name\":\"Boutique\",\"item\":\"https:\\\/\\\/crocjeux.com\\\/\"},{\"@type\":\"ListItem\",\"position\":3,\"name\":\"Clank! &#8211; La Mal\u00e9diction de la Momie\"}]},{\"@type\":\"WebSite\",\"@id\":\"https:\\\/\\\/crocjeux.com\\\/#website\",\"url\":\"https:\\\/\\\/crocjeux.com\\\/\",\"name\":\"Croc Jeux\",\"description\":\"Bienvenue chez Croc Jeux!\",\"publisher\":{\"@id\":\"https:\\\/\\\/crocjeux.com\\\/#organization\"},\"potentialAction\":[{\"@type\":\"SearchAction\",\"target\":{\"@type\":\"EntryPoint\",\"urlTemplate\":\"https:\\\/\\\/crocjeux.com\\\/?s={search_term_string}\"},\"query-input\":{\"@type\":\"PropertyValueSpecification\",\"valueRequired\":true,\"valueName\":\"search_term_string\"}}],\"inLanguage\":\"fr-FR\"},{\"@type\":\"Organization\",\"@id\":\"https:\\\/\\\/crocjeux.com\\\/#organization\",\"name\":\"Croc Jeux\",\"url\":\"https:\\\/\\\/crocjeux.com\\\/\",\"logo\":{\"@type\":\"ImageObject\",\"inLanguage\":\"fr-FR\",\"@id\":\"https:\\\/\\\/crocjeux.com\\\/#\\\/schema\\\/logo\\\/image\\\/\",\"url\":\"https:\\\/\\\/crocjeux.com\\\/wp-content\\\/uploads\\\/2022\\\/01\\\/cropped-logo-croc-etape-1-e1644574034239.jpg\",\"contentUrl\":\"https:\\\/\\\/crocjeux.com\\\/wp-content\\\/uploads\\\/2022\\\/01\\\/cropped-logo-croc-etape-1-e1644574034239.jpg\",\"width\":1224,\"height\":314,\"caption\":\"Croc Jeux\"},\"image\":{\"@id\":\"https:\\\/\\\/crocjeux.com\\\/#\\\/schema\\\/logo\\\/image\\\/\"}}]}<\/script>\n<!-- \/ Yoast SEO plugin. -->","yoast_head_json":{"title":"Clank! - La Mal\u00e9diction de la Momie - Croc Jeux","robots":{"index":"index","follow":"follow","max-snippet":"max-snippet:-1","max-image-preview":"max-image-preview:large","max-video-preview":"max-video-preview:-1"},"canonical":"https:\/\/crocjeux.com\/index.php\/produit\/clank-la-malediction-de-la-momie\/","og_locale":"fr_FR","og_type":"article","og_title":"Clank! - La Mal\u00e9diction de la Momie - Croc Jeux","og_description":"D&rsquo;innombrables richesses vous attendent \u00e0 l&rsquo;int\u00e9rieur des pyramides des Anciens &#8211; mais elles sont bien prot\u00e9g\u00e9es. La momie, gardien \u00e9ternel","og_url":"https:\/\/crocjeux.com\/index.php\/produit\/clank-la-malediction-de-la-momie\/","og_site_name":"Croc Jeux","article_modified_time":"2026-02-20T10:07:02+00:00","og_image":[{"width":663,"height":744,"url":"https:\/\/crocjeux.com\/wp-content\/uploads\/2020\/11\/Clank-La-Malediction-de-la-Momie.jpg","type":"image\/jpeg"}],"twitter_card":"summary_large_image","twitter_misc":{"Dur\u00e9e de lecture estim\u00e9e":"1 minute"},"schema":{"@context":"https:\/\/schema.org","@graph":[{"@type":"WebPage","@id":"https:\/\/crocjeux.com\/index.php\/produit\/clank-la-malediction-de-la-momie\/","url":"https:\/\/crocjeux.com\/index.php\/produit\/clank-la-malediction-de-la-momie\/","name":"Clank! - La Mal\u00e9diction de la Momie - Croc Jeux","isPartOf":{"@id":"https:\/\/crocjeux.com\/#website"},"primaryImageOfPage":{"@id":"https:\/\/crocjeux.com\/index.php\/produit\/clank-la-malediction-de-la-momie\/#primaryimage"},"image":{"@id":"https:\/\/crocjeux.com\/index.php\/produit\/clank-la-malediction-de-la-momie\/#primaryimage"},"thumbnailUrl":"https:\/\/crocjeux.com\/wp-content\/uploads\/2020\/11\/Clank-La-Malediction-de-la-Momie.jpg","datePublished":"2020-11-19T13:41:52+00:00","dateModified":"2026-02-20T10:07:02+00:00","breadcrumb":{"@id":"https:\/\/crocjeux.com\/index.php\/produit\/clank-la-malediction-de-la-momie\/#breadcrumb"},"inLanguage":"fr-FR","potentialAction":[{"@type":"ReadAction","target":["https:\/\/crocjeux.com\/index.php\/produit\/clank-la-malediction-de-la-momie\/"]}]},{"@type":"ImageObject","inLanguage":"fr-FR","@id":"https:\/\/crocjeux.com\/index.php\/produit\/clank-la-malediction-de-la-momie\/#primaryimage","url":"https:\/\/crocjeux.com\/wp-content\/uploads\/2020\/11\/Clank-La-Malediction-de-la-Momie.jpg","contentUrl":"https:\/\/crocjeux.com\/wp-content\/uploads\/2020\/11\/Clank-La-Malediction-de-la-Momie.jpg","width":663,"height":744},{"@type":"BreadcrumbList","@id":"https:\/\/crocjeux.com\/index.php\/produit\/clank-la-malediction-de-la-momie\/#breadcrumb","itemListElement":[{"@type":"ListItem","position":1,"name":"Accueil","item":"https:\/\/crocjeux.com\/"},{"@type":"ListItem","position":2,"name":"Boutique","item":"https:\/\/crocjeux.com\/"},{"@type":"ListItem","position":3,"name":"Clank! &#8211; La Mal\u00e9diction de la Momie"}]},{"@type":"WebSite","@id":"https:\/\/crocjeux.com\/#website","url":"https:\/\/crocjeux.com\/","name":"Croc Jeux","description":"Bienvenue chez Croc Jeux!","publisher":{"@id":"https:\/\/crocjeux.com\/#organization"},"potentialAction":[{"@type":"SearchAction","target":{"@type":"EntryPoint","urlTemplate":"https:\/\/crocjeux.com\/?s={search_term_string}"},"query-input":{"@type":"PropertyValueSpecification","valueRequired":true,"valueName":"search_term_string"}}],"inLanguage":"fr-FR"},{"@type":"Organization","@id":"https:\/\/crocjeux.com\/#organization","name":"Croc Jeux","url":"https:\/\/crocjeux.com\/","logo":{"@type":"ImageObject","inLanguage":"fr-FR","@id":"https:\/\/crocjeux.com\/#\/schema\/logo\/image\/","url":"https:\/\/crocjeux.com\/wp-content\/uploads\/2022\/01\/cropped-logo-croc-etape-1-e1644574034239.jpg","contentUrl":"https:\/\/crocjeux.com\/wp-content\/uploads\/2022\/01\/cropped-logo-croc-etape-1-e1644574034239.jpg","width":1224,"height":314,"caption":"Croc Jeux"},"image":{"@id":"https:\/\/crocjeux.com\/#\/schema\/logo\/image\/"}}]}},"_links":{"self":[{"href":"https:\/\/crocjeux.com\/index.php\/wp-json\/wp\/v2\/product\/982","targetHints":{"allow":["GET"]}}],"collection":[{"href":"https:\/\/crocjeux.com\/index.php\/wp-json\/wp\/v2\/product"}],"about":[{"href":"https:\/\/crocjeux.com\/index.php\/wp-json\/wp\/v2\/types\/product"}],"replies":[{"embeddable":true,"href":"https:\/\/crocjeux.com\/index.php\/wp-json\/wp\/v2\/comments?post=982"}],"wp:featuredmedia":[{"embeddable":true,"href":"https:\/\/crocjeux.com\/index.php\/wp-json\/wp\/v2\/media\/985"}],"wp:attachment":[{"href":"https:\/\/crocjeux.com\/index.php\/wp-json\/wp\/v2\/media?parent=982"}],"wp:term":[{"taxonomy":"product_brand","embeddable":true,"href":"https:\/\/crocjeux.com\/index.php\/wp-json\/wp\/v2\/product_brand?post=982"},{"taxonomy":"product_cat","embeddable":true,"href":"https:\/\/crocjeux.com\/index.php\/wp-json\/wp\/v2\/product_cat?post=982"},{"taxonomy":"product_tag","embeddable":true,"href":"https:\/\/crocjeux.com\/index.php\/wp-json\/wp\/v2\/product_tag?post=982"}],"curies":[{"name":"wp","href":"https:\/\/api.w.org\/{rel}","templated":true}]}}