{"id":997,"date":"2020-11-19T15:58:08","date_gmt":"2020-11-19T14:58:08","guid":{"rendered":"https:\/\/crocjeux.com\/?post_type=product&#038;p=997"},"modified":"2025-12-09T20:48:52","modified_gmt":"2025-12-09T19:48:52","slug":"le-trone-de-fer-le-jeu-de-plateau-seconde-edition","status":"publish","type":"product","link":"https:\/\/crocjeux.com\/index.php\/produit\/le-trone-de-fer-le-jeu-de-plateau-seconde-edition\/","title":{"rendered":"Le Tr\u00f4ne de Fer &#8211; Le Jeu de Plateau Seconde Edition"},"content":{"rendered":"<p>Bas\u00e9 sur la s\u00e9rie de romans le Tr\u00f4ne de Fer de George R.R. Martin, le Jeu de Plateau : le Tr\u00f4ne de Fer permet aux joueurs de prendre le contr\u00f4le de l&rsquo;une des grandes Maisons de Westeros et de s&#8217;embarquer dans une lutte \u00e9pique pour la conqu\u00eate du Tr\u00f4ne de Fer. Plongez dans un jeu de luttes d&rsquo;influence, de conqu\u00eates de territoires, et de diplomatie dans le monde du Tr\u00f4ne de Fer.<br \/>\nCette seconde \u00e9dition du jeu apporte de nombreuses am\u00e9liorations. Elle int\u00e8gre des \u00e9l\u00e9ments des pr\u00e9c\u00e9dentes extensions comme les ports, les garnisons, les cartes Sauvageons et les engins de si\u00e8ge. Elle propose aussi des<br \/>\nnouveaut\u00e9s comme les \u00e9crans pour cacher ses programmations, tandis que les cartes Cours de la Bataille apportent de l\u2019incertitude en combat. Contient 138 unit\u00e9s en plastique marbr\u00e9 !<\/p>\n","protected":false},"excerpt":{"rendered":"<p>Bas\u00e9 sur la s\u00e9rie de romans le Tr\u00f4ne de Fer de George R.R. Martin, le Jeu de Plateau : le<\/p>\n","protected":false},"featured_media":998,"comment_status":"open","ping_status":"closed","template":"","meta":{"colormag_page_container_layout":"default_layout","colormag_page_sidebar_layout":"default_layout"},"product_brand":[],"product_cat":[112,64,110,111],"product_tag":[],"class_list":{"0":"post-997","1":"product","2":"type-product","3":"status-publish","4":"has-post-thumbnail","6":"product_cat-trone-de-fer-jeux-experts","7":"product_cat-figurine-got","8":"product_cat-trone-de-fer-jeux-strategie","9":"product_cat-trone-de-fer-jeux-civilisation","11":"first","12":"outofstock","13":"taxable","14":"shipping-taxable","15":"purchasable","16":"product-type-simple"},"yoast_head":"<!-- This site is optimized with the Yoast SEO plugin v27.4 - https:\/\/yoast.com\/product\/yoast-seo-wordpress\/ -->\n<title>Le Tr\u00f4ne de Fer - Le Jeu de Plateau Seconde Edition - Croc Jeux<\/title>\n<meta name=\"robots\" content=\"index, follow, max-snippet:-1, max-image-preview:large, max-video-preview:-1\" \/>\n<link rel=\"canonical\" href=\"https:\/\/crocjeux.com\/index.php\/produit\/le-trone-de-fer-le-jeu-de-plateau-seconde-edition\/\" \/>\n<meta property=\"og:locale\" content=\"fr_FR\" \/>\n<meta property=\"og:type\" content=\"article\" \/>\n<meta property=\"og:title\" content=\"Le Tr\u00f4ne de Fer - Le Jeu de Plateau Seconde Edition - Croc Jeux\" \/>\n<meta property=\"og:description\" content=\"Bas\u00e9 sur la s\u00e9rie de romans le Tr\u00f4ne de Fer de George R.R. Martin, le Jeu de Plateau : le\" \/>\n<meta property=\"og:url\" content=\"https:\/\/crocjeux.com\/index.php\/produit\/le-trone-de-fer-le-jeu-de-plateau-seconde-edition\/\" \/>\n<meta property=\"og:site_name\" content=\"Croc Jeux\" \/>\n<meta property=\"article:modified_time\" content=\"2025-12-09T19:48:52+00:00\" \/>\n<meta property=\"og:image\" content=\"https:\/\/crocjeux.com\/wp-content\/uploads\/2020\/11\/le-trone-de-fer-jeu-de-plateau-2nde-edition.jpg\" \/>\n\t<meta property=\"og:image:width\" content=\"555\" \/>\n\t<meta property=\"og:image:height\" content=\"599\" \/>\n\t<meta property=\"og:image:type\" content=\"image\/jpeg\" \/>\n<meta name=\"twitter:card\" content=\"summary_large_image\" \/>\n<meta name=\"twitter:label1\" content=\"Dur\u00e9e de lecture estim\u00e9e\" \/>\n\t<meta name=\"twitter:data1\" content=\"1 minute\" \/>\n<script type=\"application\/ld+json\" class=\"yoast-schema-graph\">{\"@context\":\"https:\\\/\\\/schema.org\",\"@graph\":[{\"@type\":\"WebPage\",\"@id\":\"https:\\\/\\\/crocjeux.com\\\/index.php\\\/produit\\\/le-trone-de-fer-le-jeu-de-plateau-seconde-edition\\\/\",\"url\":\"https:\\\/\\\/crocjeux.com\\\/index.php\\\/produit\\\/le-trone-de-fer-le-jeu-de-plateau-seconde-edition\\\/\",\"name\":\"Le Tr\u00f4ne de Fer - Le Jeu de Plateau Seconde Edition - Croc Jeux\",\"isPartOf\":{\"@id\":\"https:\\\/\\\/crocjeux.com\\\/#website\"},\"primaryImageOfPage\":{\"@id\":\"https:\\\/\\\/crocjeux.com\\\/index.php\\\/produit\\\/le-trone-de-fer-le-jeu-de-plateau-seconde-edition\\\/#primaryimage\"},\"image\":{\"@id\":\"https:\\\/\\\/crocjeux.com\\\/index.php\\\/produit\\\/le-trone-de-fer-le-jeu-de-plateau-seconde-edition\\\/#primaryimage\"},\"thumbnailUrl\":\"https:\\\/\\\/crocjeux.com\\\/wp-content\\\/uploads\\\/2020\\\/11\\\/le-trone-de-fer-jeu-de-plateau-2nde-edition.jpg\",\"datePublished\":\"2020-11-19T14:58:08+00:00\",\"dateModified\":\"2025-12-09T19:48:52+00:00\",\"breadcrumb\":{\"@id\":\"https:\\\/\\\/crocjeux.com\\\/index.php\\\/produit\\\/le-trone-de-fer-le-jeu-de-plateau-seconde-edition\\\/#breadcrumb\"},\"inLanguage\":\"fr-FR\",\"potentialAction\":[{\"@type\":\"ReadAction\",\"target\":[\"https:\\\/\\\/crocjeux.com\\\/index.php\\\/produit\\\/le-trone-de-fer-le-jeu-de-plateau-seconde-edition\\\/\"]}]},{\"@type\":\"ImageObject\",\"inLanguage\":\"fr-FR\",\"@id\":\"https:\\\/\\\/crocjeux.com\\\/index.php\\\/produit\\\/le-trone-de-fer-le-jeu-de-plateau-seconde-edition\\\/#primaryimage\",\"url\":\"https:\\\/\\\/crocjeux.com\\\/wp-content\\\/uploads\\\/2020\\\/11\\\/le-trone-de-fer-jeu-de-plateau-2nde-edition.jpg\",\"contentUrl\":\"https:\\\/\\\/crocjeux.com\\\/wp-content\\\/uploads\\\/2020\\\/11\\\/le-trone-de-fer-jeu-de-plateau-2nde-edition.jpg\",\"width\":555,\"height\":599},{\"@type\":\"BreadcrumbList\",\"@id\":\"https:\\\/\\\/crocjeux.com\\\/index.php\\\/produit\\\/le-trone-de-fer-le-jeu-de-plateau-seconde-edition\\\/#breadcrumb\",\"itemListElement\":[{\"@type\":\"ListItem\",\"position\":1,\"name\":\"Accueil\",\"item\":\"https:\\\/\\\/crocjeux.com\\\/\"},{\"@type\":\"ListItem\",\"position\":2,\"name\":\"Boutique\",\"item\":\"https:\\\/\\\/crocjeux.com\\\/\"},{\"@type\":\"ListItem\",\"position\":3,\"name\":\"Le Tr\u00f4ne de Fer &#8211; Le Jeu de Plateau Seconde Edition\"}]},{\"@type\":\"WebSite\",\"@id\":\"https:\\\/\\\/crocjeux.com\\\/#website\",\"url\":\"https:\\\/\\\/crocjeux.com\\\/\",\"name\":\"Croc Jeux\",\"description\":\"Bienvenue chez Croc Jeux!\",\"publisher\":{\"@id\":\"https:\\\/\\\/crocjeux.com\\\/#organization\"},\"potentialAction\":[{\"@type\":\"SearchAction\",\"target\":{\"@type\":\"EntryPoint\",\"urlTemplate\":\"https:\\\/\\\/crocjeux.com\\\/?s={search_term_string}\"},\"query-input\":{\"@type\":\"PropertyValueSpecification\",\"valueRequired\":true,\"valueName\":\"search_term_string\"}}],\"inLanguage\":\"fr-FR\"},{\"@type\":\"Organization\",\"@id\":\"https:\\\/\\\/crocjeux.com\\\/#organization\",\"name\":\"Croc Jeux\",\"url\":\"https:\\\/\\\/crocjeux.com\\\/\",\"logo\":{\"@type\":\"ImageObject\",\"inLanguage\":\"fr-FR\",\"@id\":\"https:\\\/\\\/crocjeux.com\\\/#\\\/schema\\\/logo\\\/image\\\/\",\"url\":\"https:\\\/\\\/crocjeux.com\\\/wp-content\\\/uploads\\\/2022\\\/01\\\/cropped-logo-croc-etape-1-e1644574034239.jpg\",\"contentUrl\":\"https:\\\/\\\/crocjeux.com\\\/wp-content\\\/uploads\\\/2022\\\/01\\\/cropped-logo-croc-etape-1-e1644574034239.jpg\",\"width\":1224,\"height\":314,\"caption\":\"Croc Jeux\"},\"image\":{\"@id\":\"https:\\\/\\\/crocjeux.com\\\/#\\\/schema\\\/logo\\\/image\\\/\"}}]}<\/script>\n<!-- \/ Yoast SEO plugin. -->","yoast_head_json":{"title":"Le Tr\u00f4ne de Fer - Le Jeu de Plateau Seconde Edition - Croc Jeux","robots":{"index":"index","follow":"follow","max-snippet":"max-snippet:-1","max-image-preview":"max-image-preview:large","max-video-preview":"max-video-preview:-1"},"canonical":"https:\/\/crocjeux.com\/index.php\/produit\/le-trone-de-fer-le-jeu-de-plateau-seconde-edition\/","og_locale":"fr_FR","og_type":"article","og_title":"Le Tr\u00f4ne de Fer - Le Jeu de Plateau Seconde Edition - Croc Jeux","og_description":"Bas\u00e9 sur la s\u00e9rie de romans le Tr\u00f4ne de Fer de George R.R. Martin, le Jeu de Plateau : le","og_url":"https:\/\/crocjeux.com\/index.php\/produit\/le-trone-de-fer-le-jeu-de-plateau-seconde-edition\/","og_site_name":"Croc Jeux","article_modified_time":"2025-12-09T19:48:52+00:00","og_image":[{"width":555,"height":599,"url":"https:\/\/crocjeux.com\/wp-content\/uploads\/2020\/11\/le-trone-de-fer-jeu-de-plateau-2nde-edition.jpg","type":"image\/jpeg"}],"twitter_card":"summary_large_image","twitter_misc":{"Dur\u00e9e de lecture estim\u00e9e":"1 minute"},"schema":{"@context":"https:\/\/schema.org","@graph":[{"@type":"WebPage","@id":"https:\/\/crocjeux.com\/index.php\/produit\/le-trone-de-fer-le-jeu-de-plateau-seconde-edition\/","url":"https:\/\/crocjeux.com\/index.php\/produit\/le-trone-de-fer-le-jeu-de-plateau-seconde-edition\/","name":"Le Tr\u00f4ne de Fer - Le Jeu de Plateau Seconde Edition - Croc Jeux","isPartOf":{"@id":"https:\/\/crocjeux.com\/#website"},"primaryImageOfPage":{"@id":"https:\/\/crocjeux.com\/index.php\/produit\/le-trone-de-fer-le-jeu-de-plateau-seconde-edition\/#primaryimage"},"image":{"@id":"https:\/\/crocjeux.com\/index.php\/produit\/le-trone-de-fer-le-jeu-de-plateau-seconde-edition\/#primaryimage"},"thumbnailUrl":"https:\/\/crocjeux.com\/wp-content\/uploads\/2020\/11\/le-trone-de-fer-jeu-de-plateau-2nde-edition.jpg","datePublished":"2020-11-19T14:58:08+00:00","dateModified":"2025-12-09T19:48:52+00:00","breadcrumb":{"@id":"https:\/\/crocjeux.com\/index.php\/produit\/le-trone-de-fer-le-jeu-de-plateau-seconde-edition\/#breadcrumb"},"inLanguage":"fr-FR","potentialAction":[{"@type":"ReadAction","target":["https:\/\/crocjeux.com\/index.php\/produit\/le-trone-de-fer-le-jeu-de-plateau-seconde-edition\/"]}]},{"@type":"ImageObject","inLanguage":"fr-FR","@id":"https:\/\/crocjeux.com\/index.php\/produit\/le-trone-de-fer-le-jeu-de-plateau-seconde-edition\/#primaryimage","url":"https:\/\/crocjeux.com\/wp-content\/uploads\/2020\/11\/le-trone-de-fer-jeu-de-plateau-2nde-edition.jpg","contentUrl":"https:\/\/crocjeux.com\/wp-content\/uploads\/2020\/11\/le-trone-de-fer-jeu-de-plateau-2nde-edition.jpg","width":555,"height":599},{"@type":"BreadcrumbList","@id":"https:\/\/crocjeux.com\/index.php\/produit\/le-trone-de-fer-le-jeu-de-plateau-seconde-edition\/#breadcrumb","itemListElement":[{"@type":"ListItem","position":1,"name":"Accueil","item":"https:\/\/crocjeux.com\/"},{"@type":"ListItem","position":2,"name":"Boutique","item":"https:\/\/crocjeux.com\/"},{"@type":"ListItem","position":3,"name":"Le Tr\u00f4ne de Fer &#8211; Le Jeu de Plateau Seconde Edition"}]},{"@type":"WebSite","@id":"https:\/\/crocjeux.com\/#website","url":"https:\/\/crocjeux.com\/","name":"Croc Jeux","description":"Bienvenue chez Croc Jeux!","publisher":{"@id":"https:\/\/crocjeux.com\/#organization"},"potentialAction":[{"@type":"SearchAction","target":{"@type":"EntryPoint","urlTemplate":"https:\/\/crocjeux.com\/?s={search_term_string}"},"query-input":{"@type":"PropertyValueSpecification","valueRequired":true,"valueName":"search_term_string"}}],"inLanguage":"fr-FR"},{"@type":"Organization","@id":"https:\/\/crocjeux.com\/#organization","name":"Croc Jeux","url":"https:\/\/crocjeux.com\/","logo":{"@type":"ImageObject","inLanguage":"fr-FR","@id":"https:\/\/crocjeux.com\/#\/schema\/logo\/image\/","url":"https:\/\/crocjeux.com\/wp-content\/uploads\/2022\/01\/cropped-logo-croc-etape-1-e1644574034239.jpg","contentUrl":"https:\/\/crocjeux.com\/wp-content\/uploads\/2022\/01\/cropped-logo-croc-etape-1-e1644574034239.jpg","width":1224,"height":314,"caption":"Croc Jeux"},"image":{"@id":"https:\/\/crocjeux.com\/#\/schema\/logo\/image\/"}}]}},"_links":{"self":[{"href":"https:\/\/crocjeux.com\/index.php\/wp-json\/wp\/v2\/product\/997","targetHints":{"allow":["GET"]}}],"collection":[{"href":"https:\/\/crocjeux.com\/index.php\/wp-json\/wp\/v2\/product"}],"about":[{"href":"https:\/\/crocjeux.com\/index.php\/wp-json\/wp\/v2\/types\/product"}],"replies":[{"embeddable":true,"href":"https:\/\/crocjeux.com\/index.php\/wp-json\/wp\/v2\/comments?post=997"}],"wp:featuredmedia":[{"embeddable":true,"href":"https:\/\/crocjeux.com\/index.php\/wp-json\/wp\/v2\/media\/998"}],"wp:attachment":[{"href":"https:\/\/crocjeux.com\/index.php\/wp-json\/wp\/v2\/media?parent=997"}],"wp:term":[{"taxonomy":"product_brand","embeddable":true,"href":"https:\/\/crocjeux.com\/index.php\/wp-json\/wp\/v2\/product_brand?post=997"},{"taxonomy":"product_cat","embeddable":true,"href":"https:\/\/crocjeux.com\/index.php\/wp-json\/wp\/v2\/product_cat?post=997"},{"taxonomy":"product_tag","embeddable":true,"href":"https:\/\/crocjeux.com\/index.php\/wp-json\/wp\/v2\/product_tag?post=997"}],"curies":[{"name":"wp","href":"https:\/\/api.w.org\/{rel}","templated":true}]}}